{"id":1690,"date":"2023-10-18T16:19:33","date_gmt":"2023-10-18T14:19:33","guid":{"rendered":"http:\/\/llindes.visitsantapau.com\/el-projecte\/"},"modified":"2024-07-03T15:40:32","modified_gmt":"2024-07-03T13:40:32","slug":"el-proyecto","status":"publish","type":"page","link":"https:\/\/llindes.visitsantapau.com\/es\/el-proyecto\/","title":{"rendered":"El proyecto"},"content":{"rendered":"\t\t<div data-elementor-type=\"wp-page\" data-elementor-id=\"1690\" class=\"elementor elementor-1690 elementor-2\">\n\t\t\t\t\t\t\t<div class=\"elementor-element elementor-element-b96a95c e-con-full e-flex e-con e-parent\" data-id=\"b96a95c\" data-element_type=\"container\" data-settings=\"{&quot;content_width&quot;:&quot;full&quot;}\" data-core-v316-plus=\"true\">\n\t\t\t\t<div class=\"elementor-element elementor-element-b03ff7d elementor-widget elementor-widget-image\" data-id=\"b03ff7d\" data-element_type=\"widget\" data-widget_type=\"image.default\">\n\t\t\t\t<div class=\"elementor-widget-container\">\n\t\t\t<style>\/*! elementor - v3.18.0 - 08-12-2023 *\/\n.elementor-widget-image{text-align:center}.elementor-widget-image a{display:inline-block}.elementor-widget-image a img[src$=\".svg\"]{width:48px}.elementor-widget-image img{vertical-align:middle;display:inline-block}<\/style>\t\t\t\t\t\t\t\t\t\t\t\t<img fetchpriority=\"high\" decoding=\"async\" width=\"1920\" height=\"486\" src=\"https:\/\/llindes.visitsantapau.com\/wp-content\/uploads\/2024\/02\/portal-del-mar.jpg\" class=\"attachment-full size-full wp-image-1614\" alt=\"\" srcset=\"https:\/\/llindes.visitsantapau.com\/wp-content\/uploads\/2024\/02\/portal-del-mar.jpg 1920w, https:\/\/llindes.visitsantapau.com\/wp-content\/uploads\/2024\/02\/portal-del-mar-300x76.jpg 300w, https:\/\/llindes.visitsantapau.com\/wp-content\/uploads\/2024\/02\/portal-del-mar-1024x259.jpg 1024w, https:\/\/llindes.visitsantapau.com\/wp-content\/uploads\/2024\/02\/portal-del-mar-768x194.jpg 768w, https:\/\/llindes.visitsantapau.com\/wp-content\/uploads\/2024\/02\/portal-del-mar-1536x389.jpg 1536w, https:\/\/llindes.visitsantapau.com\/wp-content\/uploads\/2024\/02\/portal-del-mar-600x152.jpg 600w\" sizes=\"(max-width: 1920px) 100vw, 1920px\" \/>\t\t\t\t\t\t\t\t\t\t\t\t\t\t\t<\/div>\n\t\t\t\t<\/div>\n\t\t\t\t<\/div>\n\t\t<div class=\"elementor-element elementor-element-b098bfd e-flex e-con-boxed e-con e-parent\" data-id=\"b098bfd\" data-element_type=\"container\" data-settings=\"{&quot;content_width&quot;:&quot;boxed&quot;}\" data-core-v316-plus=\"true\">\n\t\t\t\t\t<div class=\"e-con-inner\">\n\t\t<div class=\"elementor-element elementor-element-017bd80 e-con-full e-flex e-con e-child\" data-id=\"017bd80\" data-element_type=\"container\" data-settings=\"{&quot;content_width&quot;:&quot;full&quot;}\">\n\t\t\t\t<div class=\"elementor-element elementor-element-f014271 elementor-widget elementor-widget-text-editor\" data-id=\"f014271\" data-element_type=\"widget\" data-widget_type=\"text-editor.default\">\n\t\t\t\t<div class=\"elementor-widget-container\">\n\t\t\t<style>\/*! elementor - v3.18.0 - 08-12-2023 *\/\n.elementor-widget-text-editor.elementor-drop-cap-view-stacked .elementor-drop-cap{background-color:#69727d;color:#fff}.elementor-widget-text-editor.elementor-drop-cap-view-framed .elementor-drop-cap{color:#69727d;border:3px solid;background-color:transparent}.elementor-widget-text-editor:not(.elementor-drop-cap-view-default) .elementor-drop-cap{margin-top:8px}.elementor-widget-text-editor:not(.elementor-drop-cap-view-default) .elementor-drop-cap-letter{width:1em;height:1em}.elementor-widget-text-editor .elementor-drop-cap{float:left;text-align:center;line-height:1;font-size:50px}.elementor-widget-text-editor .elementor-drop-cap-letter{display:inline-block}<\/style>\t\t\t\t<p style=\"text-align: justify;\">Os invitamos a echar una mirada diferente de la Vila Vella de Santa Pau. Fijaos en los dinteles, la piedra que se encuentra encima de la puerta principal o ventanas de las casas, y que aportan mucha historia. Fechas, nombres, a\u00f1os, s\u00edmbolos, que nos hablan de la gente que viv\u00eda all\u00ed, sus oficios, refranes para la posteridad&#8230;<\/p>\n<p style=\"text-align: justify;\">Si segu\u00eds la ruta de los Llindes de Santa Pau, nos muestra el significado de estos a\u00f1os, de los s\u00edmbolos picados a la piedra directamente. Demos un paseo por las calles antiguas, empapadas de historia con unos bellos testimonios que todav\u00eda perduran en nuestros d\u00edas y nos explican lo interesante que es recuperar la memoria de nuestros antepasados. Todo esto lo haremos con los dinteles como gu\u00eda&#8230; \u00bfOs atrev\u00e9is? \u00a1Vamos!<\/p>\t\t\t\t\t\t<\/div>\n\t\t\t\t<\/div>\n\t\t\t\t<\/div>\n\t\t<div class=\"elementor-element elementor-element-22225b2 e-con-full e-flex e-con e-child\" data-id=\"22225b2\" data-element_type=\"container\" data-settings=\"{&quot;content_width&quot;:&quot;full&quot;}\">\n\t\t\t\t<div class=\"elementor-element elementor-element-9d22d95 elementor-widget elementor-widget-image\" data-id=\"9d22d95\" data-element_type=\"widget\" data-widget_type=\"image.default\">\n\t\t\t\t<div class=\"elementor-widget-container\">\n\t\t\t\t\t\t\t\t\t\t\t\t\t\t\t<img decoding=\"async\" width=\"1600\" height=\"909\" src=\"https:\/\/llindes.visitsantapau.com\/wp-content\/uploads\/2024\/02\/santa-pau.jpg\" class=\"attachment-full size-full wp-image-1617\" alt=\"\" srcset=\"https:\/\/llindes.visitsantapau.com\/wp-content\/uploads\/2024\/02\/santa-pau.jpg 1600w, https:\/\/llindes.visitsantapau.com\/wp-content\/uploads\/2024\/02\/santa-pau-300x170.jpg 300w, https:\/\/llindes.visitsantapau.com\/wp-content\/uploads\/2024\/02\/santa-pau-1024x582.jpg 1024w, https:\/\/llindes.visitsantapau.com\/wp-content\/uploads\/2024\/02\/santa-pau-768x436.jpg 768w, https:\/\/llindes.visitsantapau.com\/wp-content\/uploads\/2024\/02\/santa-pau-1536x873.jpg 1536w, https:\/\/llindes.visitsantapau.com\/wp-content\/uploads\/2024\/02\/santa-pau-600x341.jpg 600w\" sizes=\"(max-width: 1600px) 100vw, 1600px\" \/>\t\t\t\t\t\t\t\t\t\t\t\t\t\t\t<\/div>\n\t\t\t\t<\/div>\n\t\t\t\t<\/div>\n\t\t\t\t\t<\/div>\n\t\t\t\t<\/div>\n\t\t<div class=\"elementor-element elementor-element-ab6f8f8 e-flex e-con-boxed e-con e-parent\" data-id=\"ab6f8f8\" data-element_type=\"container\" data-settings=\"{&quot;content_width&quot;:&quot;boxed&quot;}\" data-core-v316-plus=\"true\">\n\t\t\t\t\t<div class=\"e-con-inner\">\n\t\t<div class=\"elementor-element elementor-element-21c3718 e-con-full e-flex e-con e-child\" data-id=\"21c3718\" data-element_type=\"container\" data-settings=\"{&quot;content_width&quot;:&quot;full&quot;}\">\n\t\t\t\t<\/div>\n\t\t<div class=\"elementor-element elementor-element-96874c3 e-con-full e-flex e-con e-child\" data-id=\"96874c3\" data-element_type=\"container\" data-settings=\"{&quot;content_width&quot;:&quot;full&quot;}\">\n\t\t\t\t<\/div>\n\t\t\t\t\t<\/div>\n\t\t\t\t<\/div>\n\t\t\t\t\t\t\t<\/div>\n\t\t","protected":false},"excerpt":{"rendered":"<p>Os invitamos a echar una mirada diferente de la Vila Vella de Santa Pau. Fijaos en los dinteles, la piedra que se encuentra encima de la puerta principal o ventanas de las casas, y que aportan mucha historia. Fechas, nombres, a\u00f1os, s\u00edmbolos, que nos hablan de la gente que viv\u00eda all\u00ed, sus oficios, refranes para [&hellip;]<\/p>\n","protected":false},"author":1,"featured_media":0,"parent":0,"menu_order":0,"comment_status":"closed","ping_status":"closed","template":"","meta":{"footnotes":""},"class_list":["post-1690","page","type-page","status-publish","hentry"],"acf":[],"_links":{"self":[{"href":"https:\/\/llindes.visitsantapau.com\/es\/wp-json\/wp\/v2\/pages\/1690","targetHints":{"allow":["GET"]}}],"collection":[{"href":"https:\/\/llindes.visitsantapau.com\/es\/wp-json\/wp\/v2\/pages"}],"about":[{"href":"https:\/\/llindes.visitsantapau.com\/es\/wp-json\/wp\/v2\/types\/page"}],"author":[{"embeddable":true,"href":"https:\/\/llindes.visitsantapau.com\/es\/wp-json\/wp\/v2\/users\/1"}],"replies":[{"embeddable":true,"href":"https:\/\/llindes.visitsantapau.com\/es\/wp-json\/wp\/v2\/comments?post=1690"}],"version-history":[{"count":7,"href":"https:\/\/llindes.visitsantapau.com\/es\/wp-json\/wp\/v2\/pages\/1690\/revisions"}],"predecessor-version":[{"id":1739,"href":"https:\/\/llindes.visitsantapau.com\/es\/wp-json\/wp\/v2\/pages\/1690\/revisions\/1739"}],"wp:attachment":[{"href":"https:\/\/llindes.visitsantapau.com\/es\/wp-json\/wp\/v2\/media?parent=1690"}],"curies":[{"name":"wp","href":"https:\/\/api.w.org\/{rel}","templated":true}]}}